{"id":1897,"date":"2012-01-18T21:21:30","date_gmt":"2012-01-18T20:21:30","guid":{"rendered":"http:\/\/haus.woerstenfeld.de\/?page_id=1897"},"modified":"2015-12-28T20:19:03","modified_gmt":"2015-12-28T19:19:03","slug":"meckerliste-war-war-so-los","status":"publish","type":"page","link":"https:\/\/haus.woerstenfeld.de\/?page_id=1897","title":{"rendered":"Meckerliste &#8211; War war so los?"},"content":{"rendered":"<p>Hier habe ich mal einige Stichpunkte aufgelistet, die ich mit dem Bauleiter im Laufe des Baus zu diskutieren hatte.<br \/>\nDie Bewertung der Punkte \u00fcberlasse ich dem Leser selbst.<br \/>\nBei Fragen stehe ich gern zur Verf\u00fcgung &#8211; vorzugsweise per eMail.<\/p>\n<p><span style=\"color: #ff0000;\"><span style=\"color: #000000;\"><span style=\"text-decoration: underline;\">Legende:<\/span><\/span> rot<\/span> = offen, <span style=\"color: #ff9900;\">orange <\/span>= keine L\u00f6sung, <span style=\"color: #008000;\">gr\u00fcn <\/span>= erledigt, <span style=\"color: #0000ff;\">blau <\/span>= keine Aktion<\/p>\n<p>-Vertraglicher Baubeginn (Wurde auf den 23.4.2010 festgelegt, sp\u00e4ter als gewollt)<br \/>\n-Bauwasseranschlu\u00df (3\/4&#8243; Au\u00dfengewinde)<br \/>\n-Besonderheiten bei der Stromversorgung (TT-Netz\/Dreiecksnetz 2x127V)<br \/>\n-Baustellensicherung (Zaun war vorhanden, habe nur Schilder angebracht)<br \/>\n-Baustra\u00dfe (War nicht notwendig)<br \/>\n-Bauzeitenplan<br \/>\n-Firmenliste<br \/>\n-Diverse Ausf\u00fchrungsdetails zu verschiedenen Gewerken<br \/>\n-Leerrohre<br \/>\n-Position Zuluft\/Fortluft KWL<br \/>\n-Richtfest &#8211; was beachten? (Empfehle den Richtkranz zu mieten)<br \/>\n-EnEV Berechnung \/ Heizlastberechnung<br \/>\n-Welche Elektrofirma installiert bei mir<br \/>\n-Schwindrisse an Betondecken sind normal wie ich jetzt wei\u00df.<br \/>\n-Ausf\u00fchrung der Dachk\u00e4sten\/Sparren\/Draufschlag\/Unterschlag<br \/>\n-Schornsteinfeger \/ Abnahme Schornstein<br \/>\n-Absturzsicherung Treppenloch<br \/>\n-Ausf\u00fchrung \/ Verkleidung St\u00fctzbalken<br \/>\n-Statikfragen<\/p>\n<p>Irgendwann habe ich dann eine nummerierte Liste angefangen, um den \u00dcberblick zu behalten.<\/p>\n<p style=\"color: #0000ff;\">001) Garagentor-Zarge wurde beim Einbau leicht besch\u00e4digt <span style=\"color: #008000;\"><br \/>\n002) Halterungen vom Motor wurden schief und lieblos montiert<\/span><span style=\"color: #008000;\"><br \/>\n003) Mein Winkelschleifer wurde ausgeborgt und dabei zerst\u00f6rt<br \/>\n<\/span><span style=\"color: #0000ff;\">004) Abkleben von T\u00fcr und Tor durch Putzer gew\u00fcnscht &#8211; wurde aber nicht gemacht<br \/>\n<\/span><span style=\"color: #008000;\">005) Estrich in Garage mit Gef\u00e4lle<\/span><span style=\"color: #008000;\"><br \/>\n006) \u00dcbergang vom Boden der Garage zum Au\u00dfenbereich (Pflaster)<br \/>\n<\/span><span style=\"color: #0000ff;\">007) Garagenw\u00e4nde nass (Dachabdichtung war aber auch noch nicht fertig)<br \/>\n<\/span><span style=\"color: #008000;\">008) Ankleide-Wand wackelt<br \/>\n<\/span><span style=\"color: #008000;\">009) Baustellensicherung<\/span><span style=\"color: #008000;\"><br \/>\n010) EnEV war unvollst\u00e4ndig<\/span><span style=\"color: #008000;\"><br \/>\n011) Draufschlag statt Dachkasten im Giebelbereich<br \/>\n012) St\u00fctzbalken am Treppenloch mit Trockenbau verkleiden<br \/>\n013) Diverse Nachweise vom Rohbauer (Verwendete Materialien usw.)<br \/>\n014) Blower Door Test<\/span><span style=\"color: #008000;\"><br \/>\n015) Mauerstein-\u00dcberstand im Eingangsbereich<\/span><span style=\"color: #008000;\"><br \/>\n016) Dreiecksfenster-Streben fehlten<br \/>\n017) K\u00fcchenscheibe war eingerissen<br \/>\n<\/span><span style=\"color: #008000;\">018) Attika &#8222;Dachstuhl&#8220; schief<\/span><span style=\"color: #008000;\"><br \/>\n019) Innenputz muss auch in die Abmauerung und an den Drempel<br \/>\n020) Nachfrage zur Verarbeitung der Dichtschl\u00e4mme<br \/>\n021) U-Werte Fenster angefragt<br \/>\n022) Nachweis f\u00fcr verwendete Klebeb\u00e4nder gefordert<br \/>\n<\/span><span style=\"color: #008000;\">023) Absprache Sanit\u00e4r<br \/>\n<\/span><span style=\"color: #008000;\">024) Arbeiten zu BBQK Protokoll 6<br \/>\n<\/span><span style=\"color: #0000ff;\">025) Putzer waren nicht vor Ort<br \/>\n<\/span><span style=\"color: #008000;\">026) Garagentorbesch\u00e4digungen &#8211; Kratzer in den Torsegmenten (\u00dcber ein Jahr nach der Reklamation endlich getauscht)<\/span><span style=\"color: #008000;\"><br \/>\n027) Garagent\u00fcrscharnierabdeckungen fehlen &#038; Kippfenster klemmt<br \/>\n028) Doppelwulstziegel statt abges\u00e4gte Fl\u00e4chenziegel<br \/>\n029) Ausf\u00fchrungsdetails zum Dunstrohr<br \/>\n<\/span><span style=\"color: #008000;\">030) Ausf\u00fchrungsdetails zu den franz\u00f6sischen Balkons<br \/>\n<\/span><span style=\"color: #008000;\">031) Kiesleiste Garagendach <\/span><span style=\"color: #008000;\"><br \/>\n032) Dachrinne verl\u00f6ten<br \/>\n033) Nacharbeiten der Attika Ziegel<br \/>\n034) Nacharbeiten des Attika Blechs<br \/>\n035) Reparatur der Faschen\/Ger\u00fcstankerl\u00f6cher<br \/>\n<\/span><span style=\"color: #008000;\">036) Verlegeplan <\/span>\/ s\u00e4mtliche Unterlagen zur Fu\u00dfbodenheizung<span style=\"color: #0000ff;\"><br \/>\n<span style=\"color: #008000;\">037) Rest-Kieshaufen vom Innenputzer wird f\u00fcr Sockel der W\u00e4rmepumpe mitverwendet<br \/>\n<\/span><\/span><span style=\"color: #008000;\">038) Stellantriebe Heizung<br \/>\n039) Gutschrift f\u00fcr andere D\u00e4mmung<br \/>\n040) Dachstuhl-Pl\u00e4ne angefordert<br \/>\n041) Position Elektroleitungen f\u00fcr Trockenbau festlegen<br \/>\n042) Lautsprechereinbau<br \/>\n<\/span><span style=\"color: #008000;\">043) Ausf\u00fchrungsdetails L\u00fcftung Spitzboden<\/span><span style=\"color: #008000;\"><br \/>\n044) Ausf\u00fchrungsdetails Br\u00fcstung Spitzboden<br \/>\n045) Ausf\u00fchrungsdetails Heizleitung Spitzboden<br \/>\n046) Ausf\u00fchrungsdetails Haust\u00fcrgriff<br \/>\n<\/span><span style=\"color: #008000;\">047) Revisionst\u00fcr Spitzboden fehlt<br \/>\n048) Ausf\u00fchrungsdetails zu Ausklotzungen Haust\u00fcr \/ Dichtband<br \/>\n049) Korrektur der L\u00fcftungsanlagen Ventile<br \/>\n050) Ausf\u00fchrungsdetails zu Schalld\u00e4mpfern<br \/>\n051) Ausf\u00fchrungsdetails zum Kabel f\u00fcr die Haust\u00fcr<\/span><br \/>\n052) Haust\u00fcr leicht zerkratzt <small><small>(bleibt, Risiko dass es durch Reparatur schlimmer wird zu hoch) <\/small><\/small><span style=\"color: #008000;\"><br \/>\n053) Ausf\u00fchrungsdetails zu der T\u00fcr-Steuerleitung<br \/>\n054) Ausf\u00fchrungsdetails Heizleitung Spitzboden &#8211; nochmal&#8230;<br \/>\n055) Ausf\u00fchrungsdetails Zuluft Kamin<br \/>\n056) Ausf\u00fchrungsdetails Zuluft in den Kinderzimmern<br \/>\n057) Ausf\u00fchrungsdetails Zuluft Schlafen\/Ankleide<br \/>\n058) Reparatur Flecken Au\u00dfenputz<br \/>\n059) Korrektur Rohrisolierung<br \/>\n060) Entsorgung der Fudamentreste gefordert<br \/>\n061) Nachweis Haust\u00fcr VSG\/U-Wert gefordert <small><small>(Am 14.5.2013 erhalten)<\/small><\/small><br \/>\n062) Halter vom franz. Balkon schief<br \/>\n063) Unterputz-Armatur Wanne schief<br \/>\n064) Oberfl\u00e4che Abmauerung muss ge\u00e4ndert werden<br \/>\n<\/span><span style=\"color: #008000;\">065) Rechter Fensterfl\u00fcgel Kind I wurde besch\u00e4digt<br \/>\n<\/span><span style=\"color: #ff9900;\">066) Trafo sehr laut &#8211; nach Verbesserung akzeptabel<br \/>\n<\/span><span style=\"color: #ff9900;\">067) W\u00e4rmepumpe\u00a0 laut &#8211; bisher keine End-L\u00f6sung (D\u00e4mmung zu teuer)<br \/>\n<\/span><span style=\"color: #ff9900;\">068) Bodenausl\u00e4sse h\u00e4sslich &#8211; habe ich aber dann akzeptiert<br \/>\n<\/span><span style=\"color: #008000;\">069) Warmwasserspeicher besch\u00e4digt<br \/>\n<\/span><span style=\"color: #008000;\">070) Revisionst\u00fcr Spitzboden besch\u00e4digt <\/span><span style=\"color: #008000;\">(Nach 8 Monaten endlich getauscht)<br \/>\n071) Ventilloch Spitzboden zu gro\u00df<br \/>\n072) Ausf\u00fchrungsdetails Treppenloch<br \/>\n073) Blasen in Dielenwand<br \/>\n<\/span><span style=\"color: #0000ff;\">074) Garagenwand Feuchtigkeitspr\u00fcfung<br \/>\n<\/span><span style=\"color: #008000;\">075) 5 Dachziegel schief<br \/>\n<\/span><span style=\"color: #008000;\">076) Anschlu\u00dffugen Trockenbau zu gro\u00df<br \/>\n<\/span><span style=\"color: #ff00ff;\">077) Baustellensicherheit (Sicherung Treppenloch) War Dauerthema<br \/>\n<\/span><span style=\"color: #0000ff;\">078) Restfeuchtemessung Boden<span style=\"color: #008000;\"><br \/>\n<\/span><\/span><span style=\"color: #0000ff;\"><span style=\"color: #008000;\">079) Innenputz an Eingangst\u00fcr schlecht<\/span><br \/>\n<\/span><span style=\"color: #ff9900;\">080) Nachweisfoto f\u00fcr Calpex Duorohr gew\u00fcscht<br \/>\n<\/span><span style=\"color: #ff9900;\">081) Folie an L\u00fcftungsger\u00e4t zerkratzt <\/span><span style=\"color: #008000;\"><br \/>\n082) Abdeckung an L\u00fcftungsger\u00e4t schief<br \/>\n083) Zuluftabdeckung noch nicht verschraubt<br \/>\n084) Ausf\u00fchrungsdetails Fortluft in Sturz<br \/>\n085) Reparatur Fasche Haust\u00fcr links<br \/>\n086) Unsauberer \u00dcbergang Fasche zu Putz Eingang<br \/>\n087) Reparatur Fasche Arbeitszimmer<br \/>\n088) Schalld\u00e4mpfer Bad (L\u00fcftung) fehlt<br \/>\n089) Glasplatte bei Erledigung von Punkt 86 beschmiert<br \/>\n<\/span><span style=\"color: #0000ff;\"><span style=\"color: #ff9900;\">090) Risse im Putz auf allen Rolladenk\u00e4sten<\/span><br \/>\n<\/span><span style=\"color: #008000;\">091) Dive<span style=\"color: #008000;\">rse <\/span><\/span><span style=\"color: #008000;\">Innent\u00fcren &amp; <\/span><span style=\"color: #008000;\"><span style=\"color: #008000;\">Fen<\/span>ster m\u00fcssen noch justiert werden<br \/>\n<\/span><span style=\"color: #ff9900;\">092) Beule im Putz der Kinderzimmerwand<br \/>\n<\/span><span style=\"color: #008000;\">093) Deckendurchbr\u00fcche unsch\u00f6n verschlossen<br \/>\n<\/span><span style=\"color: #008000;\">094) Haust\u00fcr ca. 1,5 cm zu hoch montiert<br \/>\n<\/span><span style=\"color: #008000;\">095) Riss in Putz zwischen Raum Kind 1 und Kind 2<br \/>\n<\/span><span style=\"color: #008000;\">096) Heizk\u00f6rper sind noch in Betrieb zu nehmen<br \/>\n097) Verglasung der Innent\u00fcren fehlt noch<br \/>\n098) Zwei Zargen der Innent\u00fcren waren falsch<\/span><span style=\"color: #008000;\"><br \/>\n099) Das Garagentor ist nicht eingestellt bzw. justiert worden.<br \/>\n100) Schallentkopplung beim Schlie\u00dfen der Deckendurchbr\u00fcche vergessen<br \/>\n101) Am Handlauf der Treppe sind diverse Schadstellen sichtbar<br \/>\n102) Winkeleisen\/\u00dcberfahrkante Garageneinfahrt fehlt (Kein Anschluss zum Estrich)<br \/>\n103) Isolation der Wasserrohre und Pumpen unvollst\u00e4ndig<br \/>\n104) Heizungsrohre im Spitzboden haben keine Rosette<br \/>\n105) Zuluftventil im Spitzboden fehlte erst, dann war es viel zu laut, jetzt gerade so akzeptabel<br \/>\n106) Einweisung L\u00fcftung \/ Heizung noch nicht erfolgt (erfolgte dann, war aber nicht dolle)<br \/>\n107) Hydr. Abgleich der FBH und Einstellung der KWL fehlt<br \/>\n108) Energieausweis fehlt<br \/>\n109) Schlie\u00dfzylinder Haust\u00fcr klemmt<br \/>\n110) Schlie\u00dfblech der Haust\u00fcr passt nicht (Habe ich dann selbst gebastelt)<br \/>\n111) Beschriftung der Heizungs-\/L\u00fcftungs-\/Sanit\u00e4rinstallation (Erst keine, auf Reklamation dann 08\/15 mit P-touch)<br \/>\n112) Drei Fliesen haben Haarrisse bekommen<br \/>\n113) Fernbedienung f\u00fcr Heizung fehlt (nach 136 Tagen und etlichen Reklas endlich eingetroffen)<br \/>\n114) Fenster \/ Griffe immer noch hakelig<br \/>\n<span style=\"color: #0000ff;\">115) Die Innent\u00fcren sind ganz sch\u00f6n verzogen<\/span><br \/>\n116) Motorschloss der Haust\u00fcr defekt (Selbst Transistoren getauscht, wieder ok)<br \/>\n117) Rolladen durch Aufrollmechanismus besch\u00e4digt\u00a0 (Faschen wurden aufgeschnitten und neu verklebt, erneuter Lamellentausch, nun okay (Stand Mitte 2015))<br \/>\n<span style=\"color: #008000;\">118) Innent\u00fcren machen Probleme (knarren K\u00fcche, Scharnier defekt Wohnen, Riegel schwerg\u00e4ngig + schleift auf Boden WC EG)<br \/>\n119) Diverse Risse in den Innenw\u00e4nden (normale Setzungsrisse)<br \/>\n120) Griffmulden der bodentiefen Fenster gebrochen. (Kostenlos 6x Ersatz erhalten)<\/span><br \/>\n<span style=\"color: #ff0000;\">121) Schimmel in der Garage am \u00dcbergang Decke\/Wand<\/span><br \/>\n<span style=\"color: #008000;\">122) Probleme K\u00fchlfunktion TTL13 cool (2 R\u00fcckschlagklappen wurden repariert, 2 Pumpen &#038; 2 Absperrventile getauscht und 3 Siebe verbaut)<\/span>\n<\/p>\n<p>Stand Dezember 2015<\/p>\n","protected":false},"excerpt":{"rendered":"<p>Hier habe ich mal einige Stichpunkte aufgelistet, die ich mit dem Bauleiter im Laufe des Baus zu diskutieren hatte. Die Bewertung der Punkte \u00fcberlasse ich dem Leser selbst. Bei Fragen stehe ich gern zur Verf\u00fcgung &#8211; vorzugsweise per eMail. Legende: rot = offen, orange = keine L\u00f6sung, gr\u00fcn = erledigt, blau = keine Aktion -Vertraglicher [&hellip;]<\/p>\n","protected":false},"author":1,"featured_media":0,"parent":0,"menu_order":0,"comment_status":"open","ping_status":"closed","template":"","meta":{"_monsterinsights_skip_tracking":false,"_monsterinsights_sitenote_active":false,"_monsterinsights_sitenote_note":"","_monsterinsights_sitenote_category":0},"_links":{"self":[{"href":"https:\/\/haus.woerstenfeld.de\/index.php?rest_route=\/wp\/v2\/pages\/1897"}],"collection":[{"href":"https:\/\/haus.woerstenfeld.de\/index.php?rest_route=\/wp\/v2\/pages"}],"about":[{"href":"https:\/\/haus.woerstenfeld.de\/index.php?rest_route=\/wp\/v2\/types\/page"}],"author":[{"embeddable":true,"href":"https:\/\/haus.woerstenfeld.de\/index.php?rest_route=\/wp\/v2\/users\/1"}],"replies":[{"embeddable":true,"href":"https:\/\/haus.woerstenfeld.de\/index.php?rest_route=%2Fwp%2Fv2%2Fcomments&post=1897"}],"version-history":[{"count":62,"href":"https:\/\/haus.woerstenfeld.de\/index.php?rest_route=\/wp\/v2\/pages\/1897\/revisions"}],"predecessor-version":[{"id":3617,"href":"https:\/\/haus.woerstenfeld.de\/index.php?rest_route=\/wp\/v2\/pages\/1897\/revisions\/3617"}],"wp:attachment":[{"href":"https:\/\/haus.woerstenfeld.de\/index.php?rest_route=%2Fwp%2Fv2%2Fmedia&parent=1897"}],"curies":[{"name":"wp","href":"https:\/\/api.w.org\/{rel}","templated":true}]}}