{"id":210,"date":"2000-01-01T00:00:20","date_gmt":"1999-12-31T23:00:20","guid":{"rendered":"http:\/\/haus.woerstenfeld.de\/blog\/?page_id=210"},"modified":"2018-05-25T10:32:22","modified_gmt":"2018-05-25T08:32:22","slug":"impressum","status":"publish","type":"page","link":"https:\/\/haus.woerstenfeld.de\/?page_id=210","title":{"rendered":"Impressum\/Datenschutzerkl\u00e4rung"},"content":{"rendered":"<hr>\n<table border=\"0\">\n<tbody>\n<tr>\n<td valign=\"top\"><\/td>\n<td><strong> Christian W\u00f6rstenfeld<br \/>\n&#8211; <a title=\"Linkification: http:\/\/www.woerstenfeld.de\" href=\"http:\/\/www.woerstenfeld.de\/\">www.woerstenfeld.de<\/a> &#8211; <\/strong><br \/>\nKalkbergeweg 10<br \/>\n12589 Berlin<br \/>\nDeutschland<\/p>\n<p>Telefon: (030) 55 15 123-0<br \/>\nFax: (030) 55 15 123-2<\/td>\n<\/tr>\n<\/tbody>\n<\/table>\n<hr size=\"1\" noshade=\"noshade\" \/>Webseiten: <a onmouseover=\"self.status='Webseite aufrufen...'; return true;\" href=\"http:\/\/www.woerstenfeld.de\/\" target=\"_blank\">http:\/\/www.woerstenfeld.de<\/a><br \/>\nEmail: <a onmouseover=\"self.status='E-mail verfassen...'; return true;\" href=\"mailto:Webmaster%20www.woerstenfeld.de%20%3Cmail@woerstenfeld.de%3E?Subject=Post%20von%20der%20Homepage%20%28Impressum%29&amp;Body=Hier%20schreiben...\" target=\"_self\">mail@woerstenfeld.de<\/a><\/p>\n<hr size=\"1\" noshade=\"noshade\" \/><span><br \/>\nInhaltlich Verantwortlicher gem\u00e4\u00df  \u00a7 5 TMG: <a onmouseover=\"self.status='E-mail verfassen...'; return true;\" href=\"mailto:C.Woerstenfeld%3Cmail@woerstenfeld.de%3E?Subject=Post%20von%20der%20Homepage%20%28Impressum%29&amp;Body=Hier%20schreiben...\" target=\"_self\">C.W\u00f6rstenfeld<\/a><br \/>\n<\/span><\/p>\n<table border=\"0\">\n<tbody>\n<tr>\n<td valign=\"top\"><span style=\"color: #c00000;\"><strong>Haftungshinweis:<\/strong><\/span><\/td>\n<td><span>Trotz sorgf\u00e4ltiger inhaltlicher Kontrolle \u00fcbernehmen wir keine Haftung f\u00fcr die Inhalte externer Links.<br \/>\nF\u00fcr den Inhalt der verlinkten Seiten sind ausschlie\u00dflich deren Betreiber verantwortlich.<\/span><\/td>\n<\/tr>\n<\/tbody>\n<\/table>\n<p>Zur <a href=\"https:\/\/www.woerstenfeld.de\/server\/impressum.html\">Datenschutzerkl\u00e4rung<\/a><\/p>\n","protected":false},"excerpt":{"rendered":"<p>Christian W\u00f6rstenfeld &#8211; www.woerstenfeld.de &#8211; Kalkbergeweg 10 12589 Berlin Deutschland Telefon: (030) 55 15 123-0 Fax: (030) 55 15 123-2 Webseiten: http:\/\/www.woerstenfeld.de Email: mail@woerstenfeld.de Inhaltlich Verantwortlicher gem\u00e4\u00df \u00a7 5 TMG: C.W\u00f6rstenfeld Haftungshinweis: Trotz sorgf\u00e4ltiger inhaltlicher Kontrolle \u00fcbernehmen wir keine Haftung f\u00fcr die Inhalte externer Links. F\u00fcr den Inhalt der verlinkten Seiten sind ausschlie\u00dflich deren Betreiber [&hellip;]<\/p>\n","protected":false},"author":1,"featured_media":0,"parent":0,"menu_order":0,"comment_status":"open","ping_status":"closed","template":"","meta":{"_monsterinsights_skip_tracking":false,"_monsterinsights_sitenote_active":false,"_monsterinsights_sitenote_note":"","_monsterinsights_sitenote_category":0},"_links":{"self":[{"href":"https:\/\/haus.woerstenfeld.de\/index.php?rest_route=\/wp\/v2\/pages\/210"}],"collection":[{"href":"https:\/\/haus.woerstenfeld.de\/index.php?rest_route=\/wp\/v2\/pages"}],"about":[{"href":"https:\/\/haus.woerstenfeld.de\/index.php?rest_route=\/wp\/v2\/types\/page"}],"author":[{"embeddable":true,"href":"https:\/\/haus.woerstenfeld.de\/index.php?rest_route=\/wp\/v2\/users\/1"}],"replies":[{"embeddable":true,"href":"https:\/\/haus.woerstenfeld.de\/index.php?rest_route=%2Fwp%2Fv2%2Fcomments&post=210"}],"version-history":[{"count":15,"href":"https:\/\/haus.woerstenfeld.de\/index.php?rest_route=\/wp\/v2\/pages\/210\/revisions"}],"predecessor-version":[{"id":3862,"href":"https:\/\/haus.woerstenfeld.de\/index.php?rest_route=\/wp\/v2\/pages\/210\/revisions\/3862"}],"wp:attachment":[{"href":"https:\/\/haus.woerstenfeld.de\/index.php?rest_route=%2Fwp%2Fv2%2Fmedia&parent=210"}],"curies":[{"name":"wp","href":"https:\/\/api.w.org\/{rel}","templated":true}]}}