{"id":971,"date":"2010-01-01T00:00:47","date_gmt":"2009-12-31T23:00:47","guid":{"rendered":"http:\/\/haus.woerstenfeld.de\/?page_id=971"},"modified":"2010-08-25T22:43:32","modified_gmt":"2010-08-25T20:43:32","slug":"willkommen","status":"publish","type":"page","link":"https:\/\/haus.woerstenfeld.de\/?page_id=971","title":{"rendered":"Willkommen&#8230;"},"content":{"rendered":"<p><big>Hallo du,<\/p>\n<p>sch\u00f6n, dass du den Weg auf meine Seite gefunden hast.<\/p>\n<p>Ein direktes Verlinken von anderen Webseiten auf die Alben ist allerdings nicht gew\u00fcnscht. Daher wurdest du automatisch auf diese schicke Haustagebuch-Info-Seite weitergeleitet. Von hier aus kannst du dir aber links unten in der Navigationsleiste eins der Fotoalben aussuchen. <\/p>\n<p>Ich w\u00fcnsche dir viel Spa\u00df beim Lesen des Tagebuchs und w\u00fcrde mich freuen, wenn du ein (m\u00f6glichst nicht sinnfreies) Kommentar hinterl\u00e4sst. <\/p>\n<p>Gru\u00df aus Berlin<br \/>\nW\u00f6rsty \ud83d\ude42<\/p>\n<p><center><a href=\"http:\/\/haus.woerstenfeld.de\">Zur Startseite<\/a><\/center><\/big><\/p>\n","protected":false},"excerpt":{"rendered":"<p>Hallo du, sch\u00f6n, dass du den Weg auf meine Seite gefunden hast. Ein direktes Verlinken von anderen Webseiten auf die Alben ist allerdings nicht gew\u00fcnscht. Daher wurdest du automatisch auf diese schicke Haustagebuch-Info-Seite weitergeleitet. Von hier aus kannst du dir aber links unten in der Navigationsleiste eins der Fotoalben aussuchen. Ich w\u00fcnsche dir viel Spa\u00df [&hellip;]<\/p>\n","protected":false},"author":1,"featured_media":0,"parent":0,"menu_order":0,"comment_status":"closed","ping_status":"closed","template":"","meta":{"_monsterinsights_skip_tracking":false,"_monsterinsights_sitenote_active":false,"_monsterinsights_sitenote_note":"","_monsterinsights_sitenote_category":0},"_links":{"self":[{"href":"https:\/\/haus.woerstenfeld.de\/index.php?rest_route=\/wp\/v2\/pages\/971"}],"collection":[{"href":"https:\/\/haus.woerstenfeld.de\/index.php?rest_route=\/wp\/v2\/pages"}],"about":[{"href":"https:\/\/haus.woerstenfeld.de\/index.php?rest_route=\/wp\/v2\/types\/page"}],"author":[{"embeddable":true,"href":"https:\/\/haus.woerstenfeld.de\/index.php?rest_route=\/wp\/v2\/users\/1"}],"replies":[{"embeddable":true,"href":"https:\/\/haus.woerstenfeld.de\/index.php?rest_route=%2Fwp%2Fv2%2Fcomments&post=971"}],"version-history":[{"count":9,"href":"https:\/\/haus.woerstenfeld.de\/index.php?rest_route=\/wp\/v2\/pages\/971\/revisions"}],"predecessor-version":[{"id":1265,"href":"https:\/\/haus.woerstenfeld.de\/index.php?rest_route=\/wp\/v2\/pages\/971\/revisions\/1265"}],"wp:attachment":[{"href":"https:\/\/haus.woerstenfeld.de\/index.php?rest_route=%2Fwp%2Fv2%2Fmedia&parent=971"}],"curies":[{"name":"wp","href":"https:\/\/api.w.org\/{rel}","templated":true}]}}